{"id":17,"date":"2017-10-01T19:19:17","date_gmt":"2017-10-01T19:19:17","guid":{"rendered":"https:\/\/import.brothersthemes.com\/nur\/?page_id=17"},"modified":"2018-03-20T15:18:20","modified_gmt":"2018-03-20T12:18:20","slug":"hakkimizda","status":"publish","type":"page","link":"https:\/\/pakline.com.tr\/index.php\/hakkimizda\/","title":{"rendered":"Hakk\u0131m\u0131zda"},"content":{"rendered":"<p>[vc_section css=&#8221;.vc_custom_1511234141901{padding-bottom: 22% !important;background-image: url(http:\/\/pakline.com.tr\/wp-content\/uploads\/2017\/11\/depositphotos_88638448-stock-illustration-modern-innovation-and-technologies.png?id=502) !important;}&#8221; el_class=&#8221;city-bg&#8221;][vc_row][vc_column][nur_section_heading decoration=&#8221;line&#8221;]<\/p>\n<h2 style=\"text-align: center;\">Bizi Yak\u0131ndan Tan\u0131y\u0131n<\/h2>\n<p style=\"text-align: center;\">2014 Y\u0131l\u0131nda L\u00fctfi Onur PAKEL taraf\u0131ndan kurulan \u015firketimiz, Merkezi ya\u011flama sistemleri,Paslanmaz Fittings alan\u0131nda faaliyet g\u00f6stermektedir.M\u00fc\u015fteri odakl\u0131 anlay\u0131\u015f i\u00e7inde \u00e7al\u0131\u015fan \u015firketimiz kurumsal olma yolunda h\u0131zl\u0131 ve dinamik bir \u015fekilde ilerlemektedir.<\/p>\n<p>[\/nur_section_heading][\/vc_column][\/vc_row][vc_row][vc_column width=&#8221;1\/2&#8243; offset=&#8221;vc_col-lg-5&#8243;][vc_column_text]PAKLINE END\u00dcSTR\u0130 YA\u011eLAMA \u00dcR\u00dcNLER\u0130 SAN. T\u0130C. LTD. \u015eT\u0130. Olarak firmam\u0131z merkezi ya\u011flama sistemlerinde(pompa,valf,distrib\u00fct\u00f6r,progressiv da\u011f\u0131t\u0131c\u0131) imalat yapan ve kendi markas\u0131yla PAKLINE olarak siz de\u011ferli m\u00fc\u015fterilerine hizmet sunmaktay\u0131z. MERKEZ\u0130 YA\u011eLAMA sistemlerinde (otomatik ya\u011flama sistemleri) her t\u00fcrl\u00fc malzeme temini i\u00e7in imalat,proje,dan\u0131\u015fmanl\u0131k,montaj,bak\u0131m ve onar\u0131m ile hizmetlerimizi s\u00fcrd\u00fcrmekteyiz.[\/vc_column_text][\/vc_column][vc_column width=&#8221;1\/2&#8243; offset=&#8221;vc_col-lg-offset-2 vc_col-lg-5&#8243;][vc_column_text]Paslanmaz fittings malzeme imalat\u0131 (t\u00fcm rekor,Nipel,Te ve Dirsek,boru kelep\u00e7esi) hidrolik hortum imalat\u0131yla borulama i\u00e7in gerekli t\u00fcm paslanmaz fittings malzeme yelpazesiyle m\u00fc\u015fterilerimize hizmet vermekteyiz.<br \/>\nAyn\u0131 zamanda Boru montaj ekibimizle yerine montaj hizmeti de vermekteyiz.[\/vc_column_text][\/vc_column][\/vc_row][\/vc_section][vc_section el_class=&#8221;city-bg&#8221; css=&#8221;.vc_custom_1509861512678{padding-top: 0px !important;padding-right: 0px !important;padding-bottom: 0px !important;padding-left: 0px !important;background-color: #f9f9f9 !important;}&#8221;][\/vc_section][vc_section css=&#8221;.vc_custom_1506539640633{background-color: #f9f9f9 !important;}&#8221;][\/vc_section]<\/p>\n","protected":false},"excerpt":{"rendered":"<p>[vc_section css=&#8221;.vc_custom_1511234141901{padding-bottom: 22% !important;background-image: url(http:\/\/pakline.com.tr\/wp-content\/uploads\/2017\/11\/depositphotos_88638448-stock-illustration-modern-innovation-and-technologies.png?id=502) !important;}&#8221; el_class=&#8221;city-bg&#8221;][vc_row][vc_column][nur_section_heading decoration=&#8221;line&#8221;] Bizi Yak\u0131ndan Tan\u0131y\u0131n 2014 Y\u0131l\u0131nda L\u00fctfi Onur PAKEL taraf\u0131ndan kurulan \u015firketimiz, Merkezi ya\u011flama sistemleri,Paslanmaz Fittings alan\u0131nda faaliyet g\u00f6stermektedir.M\u00fc\u015fteri odakl\u0131 anlay\u0131\u015f i\u00e7inde \u00e7al\u0131\u015fan \u015firketimiz kurumsal olma yolunda h\u0131zl\u0131 ve dinamik bir \u015fekilde ilerlemektedir. [\/nur_section_heading][\/vc_column][\/vc_row][vc_row][vc_column width=&#8221;1\/2&#8243; offset=&#8221;vc_col-lg-5&#8243;][vc_column_text]PAKLINE END\u00dcSTR\u0130 YA\u011eLAMA \u00dcR\u00dcNLER\u0130 SAN. T\u0130C. LTD. \u015eT\u0130. Olarak firmam\u0131z merkezi ya\u011flama sistemlerinde(pompa,valf,distrib\u00fct\u00f6r,progressiv [&hellip;]<\/p>\n","protected":false},"author":1,"featured_media":0,"parent":0,"menu_order":0,"comment_status":"closed","ping_status":"closed","template":"","meta":{"footnotes":""},"class_list":["post-17","page","type-page","status-publish","hentry"],"yoast_head":"<!-- This site is optimized with the Yoast SEO plugin v18.2 - https:\/\/yoast.com\/wordpress\/plugins\/seo\/ -->\n<title>Hakk\u0131m\u0131zda -<\/title>\n<meta name=\"robots\" content=\"index, follow, max-snippet:-1, max-image-preview:large, max-video-preview:-1\" \/>\n<link rel=\"canonical\" href=\"https:\/\/pakline.com.tr\/index.php\/hakkimizda\/\" \/>\n<meta property=\"og:locale\" content=\"tr_TR\" \/>\n<meta property=\"og:type\" content=\"article\" \/>\n<meta property=\"og:title\" content=\"Hakk\u0131m\u0131zda -\" \/>\n<meta property=\"og:description\" content=\"[vc_section css=&#8221;.vc_custom_1511234141901{padding-bottom: 22% !important;background-image: url(http:\/\/pakline.com.tr\/wp-content\/uploads\/2017\/11\/depositphotos_88638448-stock-illustration-modern-innovation-and-technologies.png?id=502) !important;}&#8221; el_class=&#8221;city-bg&#8221;][vc_row][vc_column][nur_section_heading decoration=&#8221;line&#8221;] Bizi Yak\u0131ndan Tan\u0131y\u0131n 2014 Y\u0131l\u0131nda L\u00fctfi Onur PAKEL taraf\u0131ndan kurulan \u015firketimiz, Merkezi ya\u011flama sistemleri,Paslanmaz Fittings alan\u0131nda faaliyet g\u00f6stermektedir.M\u00fc\u015fteri odakl\u0131 anlay\u0131\u015f i\u00e7inde \u00e7al\u0131\u015fan \u015firketimiz kurumsal olma yolunda h\u0131zl\u0131 ve dinamik bir \u015fekilde ilerlemektedir. [\/nur_section_heading][\/vc_column][\/vc_row][vc_row][vc_column width=&#8221;1\/2&#8243; offset=&#8221;vc_col-lg-5&#8243;][vc_column_text]PAKLINE END\u00dcSTR\u0130 YA\u011eLAMA \u00dcR\u00dcNLER\u0130 SAN. T\u0130C. LTD. \u015eT\u0130. Olarak firmam\u0131z merkezi ya\u011flama sistemlerinde(pompa,valf,distrib\u00fct\u00f6r,progressiv [&hellip;]\" \/>\n<meta property=\"og:url\" content=\"https:\/\/pakline.com.tr\/index.php\/hakkimizda\/\" \/>\n<meta property=\"article:modified_time\" content=\"2018-03-20T12:18:20+00:00\" \/>\n<meta name=\"twitter:card\" content=\"summary_large_image\" \/>\n<meta name=\"twitter:label1\" content=\"Tahmini okuma s\u00fcresi\" \/>\n\t<meta name=\"twitter:data1\" content=\"1 dakika\" \/>\n<script type=\"application\/ld+json\" class=\"yoast-schema-graph\">{\"@context\":\"https:\/\/schema.org\",\"@graph\":[{\"@type\":\"Organization\",\"@id\":\"https:\/\/pakline.com.tr\/#organization\",\"name\":\"Pakline\",\"url\":\"https:\/\/pakline.com.tr\/\",\"sameAs\":[],\"logo\":{\"@type\":\"ImageObject\",\"@id\":\"https:\/\/pakline.com.tr\/#logo\",\"inLanguage\":\"tr\",\"url\":\"https:\/\/pakline.com.tr\/wp-content\/uploads\/2010\/06\/cropped-LOGO1-3.png\",\"contentUrl\":\"https:\/\/pakline.com.tr\/wp-content\/uploads\/2010\/06\/cropped-LOGO1-3.png\",\"width\":411,\"height\":94,\"caption\":\"Pakline\"},\"image\":{\"@id\":\"https:\/\/pakline.com.tr\/#logo\"}},{\"@type\":\"WebSite\",\"@id\":\"https:\/\/pakline.com.tr\/#website\",\"url\":\"https:\/\/pakline.com.tr\/\",\"name\":\"\",\"description\":\"Otomatik Ya\u011flama | Paslanmaz Fittings | Merkezi Ya\u011flama\",\"publisher\":{\"@id\":\"https:\/\/pakline.com.tr\/#organization\"},\"potentialAction\":[{\"@type\":\"SearchAction\",\"target\":{\"@type\":\"EntryPoint\",\"urlTemplate\":\"https:\/\/pakline.com.tr\/?s={search_term_string}\"},\"query-input\":\"required name=search_term_string\"}],\"inLanguage\":\"tr\"},{\"@type\":\"WebPage\",\"@id\":\"https:\/\/pakline.com.tr\/index.php\/hakkimizda\/#webpage\",\"url\":\"https:\/\/pakline.com.tr\/index.php\/hakkimizda\/\",\"name\":\"Hakk\u0131m\u0131zda -\",\"isPartOf\":{\"@id\":\"https:\/\/pakline.com.tr\/#website\"},\"datePublished\":\"2017-10-01T19:19:17+00:00\",\"dateModified\":\"2018-03-20T12:18:20+00:00\",\"breadcrumb\":{\"@id\":\"https:\/\/pakline.com.tr\/index.php\/hakkimizda\/#breadcrumb\"},\"inLanguage\":\"tr\",\"potentialAction\":[{\"@type\":\"ReadAction\",\"target\":[\"https:\/\/pakline.com.tr\/index.php\/hakkimizda\/\"]}]},{\"@type\":\"BreadcrumbList\",\"@id\":\"https:\/\/pakline.com.tr\/index.php\/hakkimizda\/#breadcrumb\",\"itemListElement\":[{\"@type\":\"ListItem\",\"position\":1,\"name\":\"Anasayfa\",\"item\":\"https:\/\/pakline.com.tr\/\"},{\"@type\":\"ListItem\",\"position\":2,\"name\":\"Hakk\u0131m\u0131zda\"}]}]}<\/script>\n<!-- \/ Yoast SEO plugin. -->","yoast_head_json":{"title":"Hakk\u0131m\u0131zda -","robots":{"index":"index","follow":"follow","max-snippet":"max-snippet:-1","max-image-preview":"max-image-preview:large","max-video-preview":"max-video-preview:-1"},"canonical":"https:\/\/pakline.com.tr\/index.php\/hakkimizda\/","og_locale":"tr_TR","og_type":"article","og_title":"Hakk\u0131m\u0131zda -","og_description":"[vc_section css=&#8221;.vc_custom_1511234141901{padding-bottom: 22% !important;background-image: url(http:\/\/pakline.com.tr\/wp-content\/uploads\/2017\/11\/depositphotos_88638448-stock-illustration-modern-innovation-and-technologies.png?id=502) !important;}&#8221; el_class=&#8221;city-bg&#8221;][vc_row][vc_column][nur_section_heading decoration=&#8221;line&#8221;] Bizi Yak\u0131ndan Tan\u0131y\u0131n 2014 Y\u0131l\u0131nda L\u00fctfi Onur PAKEL taraf\u0131ndan kurulan \u015firketimiz, Merkezi ya\u011flama sistemleri,Paslanmaz Fittings alan\u0131nda faaliyet g\u00f6stermektedir.M\u00fc\u015fteri odakl\u0131 anlay\u0131\u015f i\u00e7inde \u00e7al\u0131\u015fan \u015firketimiz kurumsal olma yolunda h\u0131zl\u0131 ve dinamik bir \u015fekilde ilerlemektedir. [\/nur_section_heading][\/vc_column][\/vc_row][vc_row][vc_column width=&#8221;1\/2&#8243; offset=&#8221;vc_col-lg-5&#8243;][vc_column_text]PAKLINE END\u00dcSTR\u0130 YA\u011eLAMA \u00dcR\u00dcNLER\u0130 SAN. T\u0130C. LTD. \u015eT\u0130. Olarak firmam\u0131z merkezi ya\u011flama sistemlerinde(pompa,valf,distrib\u00fct\u00f6r,progressiv [&hellip;]","og_url":"https:\/\/pakline.com.tr\/index.php\/hakkimizda\/","article_modified_time":"2018-03-20T12:18:20+00:00","twitter_card":"summary_large_image","twitter_misc":{"Tahmini okuma s\u00fcresi":"1 dakika"},"schema":{"@context":"https:\/\/schema.org","@graph":[{"@type":"Organization","@id":"https:\/\/pakline.com.tr\/#organization","name":"Pakline","url":"https:\/\/pakline.com.tr\/","sameAs":[],"logo":{"@type":"ImageObject","@id":"https:\/\/pakline.com.tr\/#logo","inLanguage":"tr","url":"https:\/\/pakline.com.tr\/wp-content\/uploads\/2010\/06\/cropped-LOGO1-3.png","contentUrl":"https:\/\/pakline.com.tr\/wp-content\/uploads\/2010\/06\/cropped-LOGO1-3.png","width":411,"height":94,"caption":"Pakline"},"image":{"@id":"https:\/\/pakline.com.tr\/#logo"}},{"@type":"WebSite","@id":"https:\/\/pakline.com.tr\/#website","url":"https:\/\/pakline.com.tr\/","name":"","description":"Otomatik Ya\u011flama | Paslanmaz Fittings | Merkezi Ya\u011flama","publisher":{"@id":"https:\/\/pakline.com.tr\/#organization"},"potentialAction":[{"@type":"SearchAction","target":{"@type":"EntryPoint","urlTemplate":"https:\/\/pakline.com.tr\/?s={search_term_string}"},"query-input":"required name=search_term_string"}],"inLanguage":"tr"},{"@type":"WebPage","@id":"https:\/\/pakline.com.tr\/index.php\/hakkimizda\/#webpage","url":"https:\/\/pakline.com.tr\/index.php\/hakkimizda\/","name":"Hakk\u0131m\u0131zda -","isPartOf":{"@id":"https:\/\/pakline.com.tr\/#website"},"datePublished":"2017-10-01T19:19:17+00:00","dateModified":"2018-03-20T12:18:20+00:00","breadcrumb":{"@id":"https:\/\/pakline.com.tr\/index.php\/hakkimizda\/#breadcrumb"},"inLanguage":"tr","potentialAction":[{"@type":"ReadAction","target":["https:\/\/pakline.com.tr\/index.php\/hakkimizda\/"]}]},{"@type":"BreadcrumbList","@id":"https:\/\/pakline.com.tr\/index.php\/hakkimizda\/#breadcrumb","itemListElement":[{"@type":"ListItem","position":1,"name":"Anasayfa","item":"https:\/\/pakline.com.tr\/"},{"@type":"ListItem","position":2,"name":"Hakk\u0131m\u0131zda"}]}]}},"_links":{"self":[{"href":"https:\/\/pakline.com.tr\/index.php\/wp-json\/wp\/v2\/pages\/17"}],"collection":[{"href":"https:\/\/pakline.com.tr\/index.php\/wp-json\/wp\/v2\/pages"}],"about":[{"href":"https:\/\/pakline.com.tr\/index.php\/wp-json\/wp\/v2\/types\/page"}],"author":[{"embeddable":true,"href":"https:\/\/pakline.com.tr\/index.php\/wp-json\/wp\/v2\/users\/1"}],"replies":[{"embeddable":true,"href":"https:\/\/pakline.com.tr\/index.php\/wp-json\/wp\/v2\/comments?post=17"}],"version-history":[{"count":10,"href":"https:\/\/pakline.com.tr\/index.php\/wp-json\/wp\/v2\/pages\/17\/revisions"}],"predecessor-version":[{"id":2553,"href":"https:\/\/pakline.com.tr\/index.php\/wp-json\/wp\/v2\/pages\/17\/revisions\/2553"}],"wp:attachment":[{"href":"https:\/\/pakline.com.tr\/index.php\/wp-json\/wp\/v2\/media?parent=17"}],"curies":[{"name":"wp","href":"https:\/\/api.w.org\/{rel}","templated":true}]}}