{"id":6,"date":"2017-09-30T12:51:40","date_gmt":"2017-09-30T09:51:40","guid":{"rendered":"https:\/\/import.brothersthemes.com\/nur\/?page_id=6"},"modified":"2018-05-14T13:55:48","modified_gmt":"2018-05-14T10:55:48","slug":"home-1","status":"publish","type":"page","link":"https:\/\/pakline.com.tr\/","title":{"rendered":"Anasayfa"},"content":{"rendered":"<p>[vc_row full_width=&#8221;stretch_row_content_no_spaces&#8221;][vc_column][rev_slider_vc alias=&#8221;home-slider-1&#8243;][\/vc_column][\/vc_row][vc_section css=&#8221;.vc_custom_1504726400091{padding-top: 80px !important;}&#8221;][vc_row][vc_column width=&#8221;2\/3&#8243; offset=&#8221;vc_col-md-offset-0 vc_col-md-5 vc_col-sm-offset-2&#8243;][nur_section_heading decoration=&#8221;line&#8221; el_class=&#8221;ml-md-0 text-center text-md-left&#8221;]<\/p>\n<h2>Ho\u015f Geldiniz<\/h2>\n<p>\u015eirketimiz Merkezi Ya\u011flama Sistemleri,Paslanmaz Fittings alan\u0131nda faaliyet g\u00f6stermektedir.Bizi arayarak size istedi\u011finiz \u00fcr\u00fcn ile ilgili daha detayl\u0131 bilgi vermekten mutluluk duyar\u0131z.\u00c7al\u0131\u015fma anlay\u0131\u015f\u0131m\u0131za, g\u00fcveniniz, bilgi ve tecr\u00fcbelerimizi sizlerle payla\u015fmak umuduyla.[\/nur_section_heading][\/vc_column][vc_column offset=&#8221;vc_col-lg-offset-1 vc_col-lg-6 vc_col-md-offset-0 vc_col-md-7 vc_col-sm-offset-0&#8243;][vc_column_text]2014 Y\u0131l\u0131nda L\u00fctfi Onur PAKEL taraf\u0131ndan kurulan \u015firketimiz, Merkezi ya\u011flama sistemleri,Paslanmaz Fittings alan\u0131nda faaliyet g\u00f6stermektedir.M\u00fc\u015fteri odakl\u0131 anlay\u0131\u015f i\u00e7inde \u00e7al\u0131\u015fan \u015firketimiz kurumsal olma yolunda h\u0131zl\u0131 ve dinamik bir \u015fekilde ilerlemektedir.[\/vc_column_text][\/vc_column][\/vc_row][\/vc_section][vc_section parallax=&#8221;scroll&#8221; parallax_speed_bg=&#8221;0.75&#8243; css=&#8221;.vc_custom_1509577376338{padding-top: 0px !important;padding-bottom: 0px !important;background-image: url(http:\/\/pakline.com.tr\/wp-content\/uploads\/2017\/09\/clouds-1923545.jpg?id=138) !important;}&#8221;][vc_row parallax=&#8221;scroll&#8221; parallax_speed_bg=&#8221;0.75&#8243;][vc_column][nur_cta_box layout=&#8221;horizontal image-middle&#8221; image_size=&#8221;372&#215;200&#8243; button_text=&#8221;Bizimle ileti\u015fime Ge\u00e7in&#8221; button_href=&#8221;http:\/\/pakline.com.tr\/index.php\/iletisim\/&#8221; image_id=&#8221;516&#8243; css=&#8221;.vc_custom_1526295346159{padding-top: 30px !important;padding-bottom: 30px !important;}&#8221;]<\/p>\n<h2><span style=\"color: #0077bd;\">Paslanmaz Fittings-Merkezi Ya\u011flama<\/span><\/h2>\n<p>[\/nur_cta_box][\/vc_column][\/vc_row][\/vc_section]<\/p>\n","protected":false},"excerpt":{"rendered":"<p>[vc_row full_width=&#8221;stretch_row_content_no_spaces&#8221;][vc_column][rev_slider_vc alias=&#8221;home-slider-1&#8243;][\/vc_column][\/vc_row][vc_section css=&#8221;.vc_custom_1504726400091{padding-top: 80px !important;}&#8221;][vc_row][vc_column width=&#8221;2\/3&#8243; offset=&#8221;vc_col-md-offset-0 vc_col-md-5 vc_col-sm-offset-2&#8243;][nur_section_heading decoration=&#8221;line&#8221; el_class=&#8221;ml-md-0 text-center text-md-left&#8221;] Ho\u015f Geldiniz \u015eirketimiz Merkezi Ya\u011flama Sistemleri,Paslanmaz Fittings alan\u0131nda faaliyet g\u00f6stermektedir.Bizi arayarak size istedi\u011finiz \u00fcr\u00fcn ile ilgili daha detayl\u0131 bilgi vermekten mutluluk duyar\u0131z.\u00c7al\u0131\u015fma anlay\u0131\u015f\u0131m\u0131za, g\u00fcveniniz, bilgi ve tecr\u00fcbelerimizi sizlerle payla\u015fmak umuduyla.[\/nur_section_heading][\/vc_column][vc_column offset=&#8221;vc_col-lg-offset-1 vc_col-lg-6 vc_col-md-offset-0 vc_col-md-7 vc_col-sm-offset-0&#8243;][vc_column_text]2014 Y\u0131l\u0131nda L\u00fctfi Onur PAKEL taraf\u0131ndan kurulan [&hellip;]<\/p>\n","protected":false},"author":1,"featured_media":0,"parent":0,"menu_order":0,"comment_status":"closed","ping_status":"closed","template":"","meta":{"footnotes":""},"class_list":["post-6","page","type-page","status-publish","hentry"],"yoast_head":"<!-- This site is optimized with the Yoast SEO plugin v18.2 - https:\/\/yoast.com\/wordpress\/plugins\/seo\/ -->\n<title>Anasayfa -<\/title>\n<meta name=\"robots\" content=\"index, follow, max-snippet:-1, max-image-preview:large, max-video-preview:-1\" \/>\n<link rel=\"canonical\" href=\"https:\/\/pakline.com.tr\/\" \/>\n<meta property=\"og:locale\" content=\"tr_TR\" \/>\n<meta property=\"og:type\" content=\"article\" \/>\n<meta property=\"og:title\" content=\"Anasayfa -\" \/>\n<meta property=\"og:description\" content=\"[vc_row full_width=&#8221;stretch_row_content_no_spaces&#8221;][vc_column][rev_slider_vc alias=&#8221;home-slider-1&#8243;][\/vc_column][\/vc_row][vc_section css=&#8221;.vc_custom_1504726400091{padding-top: 80px !important;}&#8221;][vc_row][vc_column width=&#8221;2\/3&#8243; offset=&#8221;vc_col-md-offset-0 vc_col-md-5 vc_col-sm-offset-2&#8243;][nur_section_heading decoration=&#8221;line&#8221; el_class=&#8221;ml-md-0 text-center text-md-left&#8221;] Ho\u015f Geldiniz \u015eirketimiz Merkezi Ya\u011flama Sistemleri,Paslanmaz Fittings alan\u0131nda faaliyet g\u00f6stermektedir.Bizi arayarak size istedi\u011finiz \u00fcr\u00fcn ile ilgili daha detayl\u0131 bilgi vermekten mutluluk duyar\u0131z.\u00c7al\u0131\u015fma anlay\u0131\u015f\u0131m\u0131za, g\u00fcveniniz, bilgi ve tecr\u00fcbelerimizi sizlerle payla\u015fmak umuduyla.[\/nur_section_heading][\/vc_column][vc_column offset=&#8221;vc_col-lg-offset-1 vc_col-lg-6 vc_col-md-offset-0 vc_col-md-7 vc_col-sm-offset-0&#8243;][vc_column_text]2014 Y\u0131l\u0131nda L\u00fctfi Onur PAKEL taraf\u0131ndan kurulan [&hellip;]\" \/>\n<meta property=\"og:url\" content=\"https:\/\/pakline.com.tr\/\" \/>\n<meta property=\"article:modified_time\" content=\"2018-05-14T10:55:48+00:00\" \/>\n<meta name=\"twitter:card\" content=\"summary_large_image\" \/>\n<meta name=\"twitter:label1\" content=\"Tahmini okuma s\u00fcresi\" \/>\n\t<meta name=\"twitter:data1\" content=\"1 dakika\" \/>\n<script type=\"application\/ld+json\" class=\"yoast-schema-graph\">{\"@context\":\"https:\/\/schema.org\",\"@graph\":[{\"@type\":\"Organization\",\"@id\":\"https:\/\/pakline.com.tr\/#organization\",\"name\":\"Pakline\",\"url\":\"https:\/\/pakline.com.tr\/\",\"sameAs\":[],\"logo\":{\"@type\":\"ImageObject\",\"@id\":\"https:\/\/pakline.com.tr\/#logo\",\"inLanguage\":\"tr\",\"url\":\"https:\/\/pakline.com.tr\/wp-content\/uploads\/2010\/06\/cropped-LOGO1-3.png\",\"contentUrl\":\"https:\/\/pakline.com.tr\/wp-content\/uploads\/2010\/06\/cropped-LOGO1-3.png\",\"width\":411,\"height\":94,\"caption\":\"Pakline\"},\"image\":{\"@id\":\"https:\/\/pakline.com.tr\/#logo\"}},{\"@type\":\"WebSite\",\"@id\":\"https:\/\/pakline.com.tr\/#website\",\"url\":\"https:\/\/pakline.com.tr\/\",\"name\":\"\",\"description\":\"Otomatik Ya\u011flama | Paslanmaz Fittings | Merkezi Ya\u011flama\",\"publisher\":{\"@id\":\"https:\/\/pakline.com.tr\/#organization\"},\"potentialAction\":[{\"@type\":\"SearchAction\",\"target\":{\"@type\":\"EntryPoint\",\"urlTemplate\":\"https:\/\/pakline.com.tr\/?s={search_term_string}\"},\"query-input\":\"required name=search_term_string\"}],\"inLanguage\":\"tr\"},{\"@type\":\"WebPage\",\"@id\":\"https:\/\/pakline.com.tr\/#webpage\",\"url\":\"https:\/\/pakline.com.tr\/\",\"name\":\"Anasayfa -\",\"isPartOf\":{\"@id\":\"https:\/\/pakline.com.tr\/#website\"},\"datePublished\":\"2017-09-30T09:51:40+00:00\",\"dateModified\":\"2018-05-14T10:55:48+00:00\",\"breadcrumb\":{\"@id\":\"https:\/\/pakline.com.tr\/#breadcrumb\"},\"inLanguage\":\"tr\",\"potentialAction\":[{\"@type\":\"ReadAction\",\"target\":[\"https:\/\/pakline.com.tr\/\"]}]},{\"@type\":\"BreadcrumbList\",\"@id\":\"https:\/\/pakline.com.tr\/#breadcrumb\",\"itemListElement\":[{\"@type\":\"ListItem\",\"position\":1,\"name\":\"Anasayfa\",\"item\":\"https:\/\/pakline.com.tr\/\"},{\"@type\":\"ListItem\",\"position\":2,\"name\":\"Anasayfa\"}]}]}<\/script>\n<!-- \/ Yoast SEO plugin. -->","yoast_head_json":{"title":"Anasayfa -","robots":{"index":"index","follow":"follow","max-snippet":"max-snippet:-1","max-image-preview":"max-image-preview:large","max-video-preview":"max-video-preview:-1"},"canonical":"https:\/\/pakline.com.tr\/","og_locale":"tr_TR","og_type":"article","og_title":"Anasayfa -","og_description":"[vc_row full_width=&#8221;stretch_row_content_no_spaces&#8221;][vc_column][rev_slider_vc alias=&#8221;home-slider-1&#8243;][\/vc_column][\/vc_row][vc_section css=&#8221;.vc_custom_1504726400091{padding-top: 80px !important;}&#8221;][vc_row][vc_column width=&#8221;2\/3&#8243; offset=&#8221;vc_col-md-offset-0 vc_col-md-5 vc_col-sm-offset-2&#8243;][nur_section_heading decoration=&#8221;line&#8221; el_class=&#8221;ml-md-0 text-center text-md-left&#8221;] Ho\u015f Geldiniz \u015eirketimiz Merkezi Ya\u011flama Sistemleri,Paslanmaz Fittings alan\u0131nda faaliyet g\u00f6stermektedir.Bizi arayarak size istedi\u011finiz \u00fcr\u00fcn ile ilgili daha detayl\u0131 bilgi vermekten mutluluk duyar\u0131z.\u00c7al\u0131\u015fma anlay\u0131\u015f\u0131m\u0131za, g\u00fcveniniz, bilgi ve tecr\u00fcbelerimizi sizlerle payla\u015fmak umuduyla.[\/nur_section_heading][\/vc_column][vc_column offset=&#8221;vc_col-lg-offset-1 vc_col-lg-6 vc_col-md-offset-0 vc_col-md-7 vc_col-sm-offset-0&#8243;][vc_column_text]2014 Y\u0131l\u0131nda L\u00fctfi Onur PAKEL taraf\u0131ndan kurulan [&hellip;]","og_url":"https:\/\/pakline.com.tr\/","article_modified_time":"2018-05-14T10:55:48+00:00","twitter_card":"summary_large_image","twitter_misc":{"Tahmini okuma s\u00fcresi":"1 dakika"},"schema":{"@context":"https:\/\/schema.org","@graph":[{"@type":"Organization","@id":"https:\/\/pakline.com.tr\/#organization","name":"Pakline","url":"https:\/\/pakline.com.tr\/","sameAs":[],"logo":{"@type":"ImageObject","@id":"https:\/\/pakline.com.tr\/#logo","inLanguage":"tr","url":"https:\/\/pakline.com.tr\/wp-content\/uploads\/2010\/06\/cropped-LOGO1-3.png","contentUrl":"https:\/\/pakline.com.tr\/wp-content\/uploads\/2010\/06\/cropped-LOGO1-3.png","width":411,"height":94,"caption":"Pakline"},"image":{"@id":"https:\/\/pakline.com.tr\/#logo"}},{"@type":"WebSite","@id":"https:\/\/pakline.com.tr\/#website","url":"https:\/\/pakline.com.tr\/","name":"","description":"Otomatik Ya\u011flama | Paslanmaz Fittings | Merkezi Ya\u011flama","publisher":{"@id":"https:\/\/pakline.com.tr\/#organization"},"potentialAction":[{"@type":"SearchAction","target":{"@type":"EntryPoint","urlTemplate":"https:\/\/pakline.com.tr\/?s={search_term_string}"},"query-input":"required name=search_term_string"}],"inLanguage":"tr"},{"@type":"WebPage","@id":"https:\/\/pakline.com.tr\/#webpage","url":"https:\/\/pakline.com.tr\/","name":"Anasayfa -","isPartOf":{"@id":"https:\/\/pakline.com.tr\/#website"},"datePublished":"2017-09-30T09:51:40+00:00","dateModified":"2018-05-14T10:55:48+00:00","breadcrumb":{"@id":"https:\/\/pakline.com.tr\/#breadcrumb"},"inLanguage":"tr","potentialAction":[{"@type":"ReadAction","target":["https:\/\/pakline.com.tr\/"]}]},{"@type":"BreadcrumbList","@id":"https:\/\/pakline.com.tr\/#breadcrumb","itemListElement":[{"@type":"ListItem","position":1,"name":"Anasayfa","item":"https:\/\/pakline.com.tr\/"},{"@type":"ListItem","position":2,"name":"Anasayfa"}]}]}},"_links":{"self":[{"href":"https:\/\/pakline.com.tr\/index.php\/wp-json\/wp\/v2\/pages\/6"}],"collection":[{"href":"https:\/\/pakline.com.tr\/index.php\/wp-json\/wp\/v2\/pages"}],"about":[{"href":"https:\/\/pakline.com.tr\/index.php\/wp-json\/wp\/v2\/types\/page"}],"author":[{"embeddable":true,"href":"https:\/\/pakline.com.tr\/index.php\/wp-json\/wp\/v2\/users\/1"}],"replies":[{"embeddable":true,"href":"https:\/\/pakline.com.tr\/index.php\/wp-json\/wp\/v2\/comments?post=6"}],"version-history":[{"count":12,"href":"https:\/\/pakline.com.tr\/index.php\/wp-json\/wp\/v2\/pages\/6\/revisions"}],"predecessor-version":[{"id":2620,"href":"https:\/\/pakline.com.tr\/index.php\/wp-json\/wp\/v2\/pages\/6\/revisions\/2620"}],"wp:attachment":[{"href":"https:\/\/pakline.com.tr\/index.php\/wp-json\/wp\/v2\/media?parent=6"}],"curies":[{"name":"wp","href":"https:\/\/api.w.org\/{rel}","templated":true}]}}